{"id":10183,"date":"2021-01-21T09:29:08","date_gmt":"2021-01-21T09:29:08","guid":{"rendered":"https:\/\/cliniclisting.com\/chiropractic\/?page_id=10183"},"modified":"2022-06-07T08:24:59","modified_gmt":"2022-06-07T08:24:59","slug":"barcelona","status":"publish","type":"page","link":"https:\/\/cliniclisting.com\/chiropractic\/clinics\/spain\/barcelona\/","title":{"rendered":"Barcelona Chiropractors"},"content":{"rendered":"\n<div class='white' style='background:#fafafa; border:solid 1px #f0f0f0; border-radius:5px; padding:8px 8px 8px 8px;'>\n<div id='sample_slider' class='owl-carousel sa_owl_theme owl-pagination-true autohide-arrows' data-slider-id='sample_slider' style='visibility:hidden;'>\n<div id='sample_slider_slide05' class='sa_hover_container' style='padding:5% 5%; margin:0px 0%; background-color:#fff2cc; '><div style=\"text-align: center;\"><span style=\"color: #000000;\">List your Chiropractic clinic here, check<\/span> <a href=\"https:\/\/cliniclisting.com\/featured-listing\/\" target=\"_blank\" rel=\"noopener\"><span style=\"text-decoration: underline;\">featured listing<\/span><\/a><span style=\"color: #000000;\">.<\/span><\/div><\/div>\n<div id='sample_slider_slide02' class='sa_hover_container' style='padding:5% 5%; margin:0px 0%; background-color:#d9ead3; '><div style=\"text-align: center;\"><span style=\"color: #000000;\">List your Chiropractic clinic here, check<\/span> <a href=\"https:\/\/cliniclisting.com\/featured-listing\/\" target=\"_blank\" rel=\"noopener\"><span style=\"text-decoration: underline;\">featured listing<\/span><\/a><span style=\"color: #000000;\">.<\/span><\/div><\/div>\n<div id='sample_slider_slide01' class='sa_hover_container' style='padding:5% 5%; margin:0px 0%; background-color:#f4cccc; '><div style=\"text-align: center;\"><span style=\"color: #000000;\">List your Chiropractic clinic here, check<\/span> <a href=\"https:\/\/cliniclisting.com\/featured-listing\/\" target=\"_blank\" rel=\"noopener\"><span style=\"text-decoration: underline;\">featured listing<\/span><\/a><span style=\"color: #000000;\">.<\/span><\/div><\/div>\n<div id='sample_slider_slide03' class='sa_hover_container' style='padding:5% 5%; margin:0px 0%; background-color:#fce5cd; '><div style=\"text-align: center;\"><span style=\"color: #000000;\">List your Chiropractic clinic here, check<\/span> <a href=\"https:\/\/cliniclisting.com\/featured-listing\/\" target=\"_blank\" rel=\"noopener\"><span style=\"text-decoration: underline;\">featured listing<\/span><\/a><span style=\"color: #000000;\">.<\/span><\/div><\/div>\n<div id='sample_slider_slide04' class='sa_hover_container' style='padding:5% 5%; margin:0px 0%; background-color:#d0e0e3; '><div style=\"text-align: center;\"><span style=\"color: #000000;\">List your Chiropractic clinic here, check<\/span> <a href=\"https:\/\/cliniclisting.com\/featured-listing\/\" target=\"_blank\" rel=\"noopener\"><span style=\"text-decoration: underline;\">featured listing<\/span><\/a><span style=\"color: #000000;\">.<\/span><\/div><\/div>\n<div id='sample_slider_slide06' class='sa_hover_container' style='padding:5% 5%; margin:0px 0%; background-color:#cfe2f3; '><div style=\"text-align: center;\"><span style=\"color: #000000;\">List your Chiropractic clinic here, check<\/span> <a href=\"https:\/\/cliniclisting.com\/featured-listing\/\" target=\"_blank\" rel=\"noopener\"><span style=\"text-decoration: underline;\">featured listing<\/span><\/a><span style=\"color: #000000;\">.<\/span><\/div><\/div>\n<\/div>\n<\/div>\n<script type='text\/javascript'>\n\tjQuery(document).ready(function() {\n\t\tjQuery('#sample_slider').owlCarousel({\n\t\t\tresponsive:{\n\t\t\t\t0:{ items:1 },\n\t\t\t\t480:{ items:2 },\n\t\t\t\t768:{ items:3 },\n\t\t\t\t980:{ items:4 },\n\t\t\t\t1200:{ items:4 },\n\t\t\t\t1500:{ items:4 }\n\t\t\t},\n\t\t\tautoplay : true,\n\t\t\tautoplayTimeout : 4000,\n\t\t\tautoplayHoverPause : true,\n\t\t\tsmartSpeed : 300,\n\t\t\tfluidSpeed : 300,\n\t\t\tautoplaySpeed : 300,\n\t\t\tnavSpeed : 300,\n\t\t\tdotsSpeed : 300,\n\t\t\tloop : true,\n\t\t\tnav : true,\n\t\t\tnavText : ['Previous','Next'],\n\t\t\tdots : true,\n\t\t\tresponsiveRefreshRate : 200,\n\t\t\tslideBy : 1,\n\t\t\tmergeFit : true,\n\t\t\tautoHeight : false,\n\t\t\tmouseDrag : false,\n\t\t\ttouchDrag : true\n\t\t});\n\t\tjQuery('#sample_slider').css('visibility', 'visible');\n\t\tsa_resize_sample_slider();\n\t\twindow.addEventListener('resize', sa_resize_sample_slider);\n\t\tfunction sa_resize_sample_slider() {\n\t\t\tvar min_height = '25';\n\t\t\tvar win_width = jQuery(window).width();\n\t\t\tvar slider_width = jQuery('#sample_slider').width();\n\t\t\tif (win_width < 480) {\n\t\t\t\tvar slide_width = slider_width \/ 1;\n\t\t\t} else if (win_width < 768) {\n\t\t\t\tvar slide_width = slider_width \/ 2;\n\t\t\t} else if (win_width < 980) {\n\t\t\t\tvar slide_width = slider_width \/ 3;\n\t\t\t} else if (win_width < 1200) {\n\t\t\t\tvar slide_width = slider_width \/ 4;\n\t\t\t} else if (win_width < 1500) {\n\t\t\t\tvar slide_width = slider_width \/ 4;\n\t\t\t} else {\n\t\t\t\tvar slide_width = slider_width \/ 4;\n\t\t\t}\n\t\t\tslide_width = Math.round(slide_width);\n\t\t\tvar slide_height = '0';\n\t\t\tif (min_height == 'aspect43') {\n\t\t\t\tslide_height = (slide_width \/ 4) * 3;\t\t\t\tslide_height = Math.round(slide_height);\n\t\t\t} else if (min_height == 'aspect169') {\n\t\t\t\tslide_height = (slide_width \/ 16) * 9;\t\t\t\tslide_height = Math.round(slide_height);\n\t\t\t} else {\n\t\t\t\tslide_height = (slide_width \/ 100) * min_height;\t\t\t\tslide_height = Math.round(slide_height);\n\t\t\t}\n\t\t\tjQuery('#sample_slider .owl-item .sa_hover_container').css('min-height', slide_height+'px');\n\t\t}\n\t\tvar owl_goto = jQuery('#sample_slider');\n\t\tjQuery('.sample_slider_goto1').click(function(event){\n\t\t\towl_goto.trigger('to.owl.carousel', 0);\n\t\t});\n\t\tjQuery('.sample_slider_goto2').click(function(event){\n\t\t\towl_goto.trigger('to.owl.carousel', 1);\n\t\t});\n\t\tjQuery('.sample_slider_goto3').click(function(event){\n\t\t\towl_goto.trigger('to.owl.carousel', 2);\n\t\t});\n\t\tjQuery('.sample_slider_goto4').click(function(event){\n\t\t\towl_goto.trigger('to.owl.carousel', 3);\n\t\t});\n\t\tjQuery('.sample_slider_goto5').click(function(event){\n\t\t\towl_goto.trigger('to.owl.carousel', 4);\n\t\t});\n\t\tjQuery('.sample_slider_goto6').click(function(event){\n\t\t\towl_goto.trigger('to.owl.carousel', 5);\n\t\t});\n\t\tvar resize_11177 = jQuery('.owl-carousel');\n\t\tresize_11177.on('initialized.owl.carousel', function(e) {\n\t\t\tif (typeof(Event) === 'function') {\n\t\t\t\twindow.dispatchEvent(new Event('resize'));\n\t\t\t} else {\n\t\t\t\tvar evt = window.document.createEvent('UIEvents');\n\t\t\t\tevt.initUIEvent('resize', true, false, window, 0);\n\t\t\t\twindow.dispatchEvent(evt);\n\t\t\t}\n\t\t});\n\t});\n<\/script>\n\n\n\n\n<p>Check Chiropractic Clinics in Barcelona, check all <a rel=\"noreferrer noopener\" aria-label=\"Barcelona Chiropractic Clinics (opens in a new tab)\" href=\"https:\/\/cliniclisting.com\/chiropractic\/spain\/barcelona\/\" target=\"_blank\">Barcelona Chiropractic Clinics<\/a>.<\/p><div class=\"3b3fdae4b6b6583ca46e3fb7ed22ce50\" data-index=\"1\" style=\"float: none; margin:10px 0 10px 0; text-align:center;\">\n<script async src=\"https:\/\/pagead2.googlesyndication.com\/pagead\/js\/adsbygoogle.js?client=ca-pub-2287035900458426\"\r\n     crossorigin=\"anonymous\"><\/script>\r\n<ins class=\"adsbygoogle\"\r\n     style=\"display:block; text-align:center;\"\r\n     data-ad-layout=\"in-article\"\r\n     data-ad-format=\"fluid\"\r\n     data-ad-client=\"ca-pub-2287035900458426\"\r\n     data-ad-slot=\"3032395781\"><\/ins>\r\n<script>\r\n     (adsbygoogle = window.adsbygoogle || []).push({});\r\n<\/script>\n<\/div>\n\n\n\n\n<ul><li><a href=\"https:\/\/cliniclisting.com\/chiropractic\/align-chiropractic-barcelona\/\">Align Chiropractic Barcelona<\/a><\/li><li><a href=\"https:\/\/cliniclisting.com\/chiropractic\/360-quiropractica\/\">360 Quiropractica<\/a><\/li><li><a href=\"https:\/\/cliniclisting.com\/chiropractic\/barcelona-quiropractic-center-bcc\/\">Barcelona Quiropr\u00e0ctic Center (BCC)<\/a><\/li><li><a href=\"https:\/\/cliniclisting.com\/chiropractic\/centro-quiropractico-castelldefels\/\">Centro Quiropr\u00e1ctico Castelldefels<\/a><\/li><li><a href=\"https:\/\/cliniclisting.com\/chiropractic\/centro-quiropractico-vida-daryn-joel-wiese\/\">Centro Quiropractico Vida Daryn Joel Wiese<\/a><\/li><li><a href=\"https:\/\/cliniclisting.com\/chiropractic\/aaron-morris-punt-vital-quiropractic\/\">Aaron Morris Punt Vital Quiropr\u00e0ctic<\/a><\/li><li><a href=\"https:\/\/cliniclisting.com\/chiropractic\/ona-quiropractica\/\">Ona Quiropr\u00e0ctica<\/a><\/li><li><a href=\"https:\/\/cliniclisting.com\/chiropractic\/neuroquiro\/\">neuroQuiro<\/a><\/li><li><a href=\"https:\/\/cliniclisting.com\/chiropractic\/metamorfosis-quiropractica\/\">Metamorfosis Quiropr\u00e1ctica<\/a><\/li><li><a href=\"https:\/\/cliniclisting.com\/chiropractic\/koeo-chiropractic-massage-therapies\/\">KOEO Chiropractic Massage &amp; Therapies<\/a><\/li><li><a href=\"https:\/\/cliniclisting.com\/chiropractic\/illuminnate-chiropractic-studio\/\">illumINNATE Chiropractic Studio<\/a><\/li><li><a href=\"https:\/\/cliniclisting.com\/chiropractic\/family-quiropractic\/\">Family Quiropractic<\/a><\/li><li><a href=\"https:\/\/cliniclisting.com\/chiropractic\/equilibrium-centre-quiropractic\/\">Equilibrium Centre Quiropr\u00e0ctic<\/a><\/li><li><a href=\"https:\/\/cliniclisting.com\/chiropractic\/sarria-quiropractica\/\">Sarri\u00e0 Quiropr\u00e0ctica<\/a><\/li><li><a href=\"https:\/\/cliniclisting.com\/chiropractic\/escuela-de-masaje-manual\/\">Escuela de Masaje Manual<\/a><\/li><\/ul>\n\n<div style=\"font-size: 0px; height: 0px; line-height: 0px; margin: 0; padding: 0; clear: both;\"><\/div>","protected":false},"excerpt":{"rendered":"<p>Check Chiropractic Clinics in Barcelona, check all Barcelona Chiropractic Clinics. Align Chiropractic Barcelona 360 Quiropractica Barcelona Quiropr\u00e0ctic Center (BCC) Centro Quiropr\u00e1ctico Castelldefels Centro Quiropractico Vida Daryn Joel Wiese Aaron Morris Punt Vital Quiropr\u00e0ctic Ona Quiropr\u00e0ctica neuroQuiro Metamorfosis Quiropr\u00e1ctica KOEO Chiropractic Massage &amp; Therapies illumINNATE Chiropractic Studio Family Quiropractic Equilibrium Centre Quiropr\u00e0ctic Sarri\u00e0 Quiropr\u00e0ctica Escuela de [&hellip;]<\/p>\n","protected":false},"author":2,"featured_media":0,"parent":10171,"menu_order":0,"comment_status":"closed","ping_status":"closed","template":"templates\/full-width-page.php","meta":{"_glsr_average":0,"_glsr_ranking":0,"_glsr_reviews":0},"aioseo_notices":[],"_links":{"self":[{"href":"https:\/\/cliniclisting.com\/chiropractic\/wp-json\/wp\/v2\/pages\/10183"}],"collection":[{"href":"https:\/\/cliniclisting.com\/chiropractic\/wp-json\/wp\/v2\/pages"}],"about":[{"href":"https:\/\/cliniclisting.com\/chiropractic\/wp-json\/wp\/v2\/types\/page"}],"author":[{"embeddable":true,"href":"https:\/\/cliniclisting.com\/chiropractic\/wp-json\/wp\/v2\/users\/2"}],"replies":[{"embeddable":true,"href":"https:\/\/cliniclisting.com\/chiropractic\/wp-json\/wp\/v2\/comments?post=10183"}],"version-history":[{"count":2,"href":"https:\/\/cliniclisting.com\/chiropractic\/wp-json\/wp\/v2\/pages\/10183\/revisions"}],"predecessor-version":[{"id":11475,"href":"https:\/\/cliniclisting.com\/chiropractic\/wp-json\/wp\/v2\/pages\/10183\/revisions\/11475"}],"up":[{"embeddable":true,"href":"https:\/\/cliniclisting.com\/chiropractic\/wp-json\/wp\/v2\/pages\/10171"}],"wp:attachment":[{"href":"https:\/\/cliniclisting.com\/chiropractic\/wp-json\/wp\/v2\/media?parent=10183"}],"curies":[{"name":"wp","href":"https:\/\/api.w.org\/{rel}","templated":true}]}}